{"id":491,"date":"2021-09-19T04:02:41","date_gmt":"2021-09-19T04:02:41","guid":{"rendered":"https:\/\/venuamacrame.acentoempresarial.com\/?post_type=product&#038;p=491"},"modified":"2021-11-20T04:21:37","modified_gmt":"2021-11-20T04:21:37","slug":"atrapasuenos-paris","status":"publish","type":"product","link":"https:\/\/venuamacrame.acentoempresarial.com\/?product=atrapasuenos-paris","title":{"rendered":"Atrapasue\u00f1os Par\u00eds"},"content":{"rendered":"<p>Atrapasue\u00f1os Par\u00eds<\/p>\n<p>Pieza Unica<\/p>\n<p>Cada dise\u00f1o tiene su propia personalidad y estilo y es solo para ti<\/p>\n<p>Largo 70cm aprox<\/p>\n<p>Di\u00e1metro del Aro 24cm aprox<\/p>\n<p>Excelente detalle para la cabecera de tu rec\u00e1mara o para colgar en tu living room<\/p>\n","protected":false},"excerpt":{"rendered":"<p>Atrapasue\u00f1os Par\u00eds Pieza \u00fanica<\/p>\n","protected":false},"featured_media":492,"comment_status":"open","ping_status":"closed","template":"","meta":[],"product_cat":[19],"product_tag":[],"class_list":{"0":"post-491","1":"product","2":"type-product","3":"status-publish","4":"has-post-thumbnail","6":"product_cat-disenos-venua-macrame","8":"first","9":"instock","10":"sold-individually","11":"taxable","12":"shipping-taxable","13":"purchasable","14":"product-type-simple"},"_links":{"self":[{"href":"https:\/\/venuamacrame.acentoempresarial.com\/index.php?rest_route=\/wp\/v2\/product\/491","targetHints":{"allow":["GET"]}}],"collection":[{"href":"https:\/\/venuamacrame.acentoempresarial.com\/index.php?rest_route=\/wp\/v2\/product"}],"about":[{"href":"https:\/\/venuamacrame.acentoempresarial.com\/index.php?rest_route=\/wp\/v2\/types\/product"}],"replies":[{"embeddable":true,"href":"https:\/\/venuamacrame.acentoempresarial.com\/index.php?rest_route=%2Fwp%2Fv2%2Fcomments&post=491"}],"wp:featuredmedia":[{"embeddable":true,"href":"https:\/\/venuamacrame.acentoempresarial.com\/index.php?rest_route=\/wp\/v2\/media\/492"}],"wp:attachment":[{"href":"https:\/\/venuamacrame.acentoempresarial.com\/index.php?rest_route=%2Fwp%2Fv2%2Fmedia&parent=491"}],"wp:term":[{"taxonomy":"product_cat","embeddable":true,"href":"https:\/\/venuamacrame.acentoempresarial.com\/index.php?rest_route=%2Fwp%2Fv2%2Fproduct_cat&post=491"},{"taxonomy":"product_tag","embeddable":true,"href":"https:\/\/venuamacrame.acentoempresarial.com\/index.php?rest_route=%2Fwp%2Fv2%2Fproduct_tag&post=491"}],"curies":[{"name":"wp","href":"https:\/\/api.w.org\/{rel}","templated":true}]}}