{"id":386,"date":"2021-09-11T19:25:26","date_gmt":"2021-09-11T19:25:26","guid":{"rendered":"https:\/\/venuamacrame.acentoempresarial.com\/?post_type=product&#038;p=386"},"modified":"2021-11-20T06:06:53","modified_gmt":"2021-11-20T06:06:53","slug":"tapiz-de-hojas","status":"publish","type":"product","link":"https:\/\/venuamacrame.acentoempresarial.com\/?product=tapiz-de-hojas","title":{"rendered":"Tapiz de Hojas"},"content":{"rendered":"<p>Tapiz de Hojas con vara de bamb\u00fa<\/p>\n<p>Bello Tapiz elaborado con hilaza de macram\u00e9 color crudo de 4mm<\/p>\n<p>Montado sobre vara de bamb\u00fa para colgarlo en muro<\/p>\n<p>Hermoso para un detalle elegante en tu horgar u oficina<\/p>\n<p>Pieza \u00fanica<\/p>\n<p>90cm x 70cm aprox<\/p>\n<p>&nbsp;<\/p>\n<p>&nbsp;<\/p>\n","protected":false},"excerpt":{"rendered":"<p>Tapiz de Hojas con vara de bamb\u00fa Bello Tapiz elaborado con hilaza de macram\u00e9 color crudo de 4mm Montado sobre vara de bamb\u00fa para colgarlo en muro Hermoso para un detalle elegante en tu horgar u oficina Pieza \u00fanica 90cm x 70cm aprox &nbsp; &nbsp;<\/p>\n","protected":false},"featured_media":387,"comment_status":"open","ping_status":"closed","template":"","meta":[],"product_cat":[19],"product_tag":[],"class_list":{"0":"post-386","1":"product","2":"type-product","3":"status-publish","4":"has-post-thumbnail","6":"product_cat-disenos-venua-macrame","8":"first","9":"instock","10":"taxable","11":"shipping-taxable","12":"purchasable","13":"product-type-simple"},"_links":{"self":[{"href":"https:\/\/venuamacrame.acentoempresarial.com\/index.php?rest_route=\/wp\/v2\/product\/386","targetHints":{"allow":["GET"]}}],"collection":[{"href":"https:\/\/venuamacrame.acentoempresarial.com\/index.php?rest_route=\/wp\/v2\/product"}],"about":[{"href":"https:\/\/venuamacrame.acentoempresarial.com\/index.php?rest_route=\/wp\/v2\/types\/product"}],"replies":[{"embeddable":true,"href":"https:\/\/venuamacrame.acentoempresarial.com\/index.php?rest_route=%2Fwp%2Fv2%2Fcomments&post=386"}],"wp:featuredmedia":[{"embeddable":true,"href":"https:\/\/venuamacrame.acentoempresarial.com\/index.php?rest_route=\/wp\/v2\/media\/387"}],"wp:attachment":[{"href":"https:\/\/venuamacrame.acentoempresarial.com\/index.php?rest_route=%2Fwp%2Fv2%2Fmedia&parent=386"}],"wp:term":[{"taxonomy":"product_cat","embeddable":true,"href":"https:\/\/venuamacrame.acentoempresarial.com\/index.php?rest_route=%2Fwp%2Fv2%2Fproduct_cat&post=386"},{"taxonomy":"product_tag","embeddable":true,"href":"https:\/\/venuamacrame.acentoempresarial.com\/index.php?rest_route=%2Fwp%2Fv2%2Fproduct_tag&post=386"}],"curies":[{"name":"wp","href":"https:\/\/api.w.org\/{rel}","templated":true}]}}