{"id":32,"date":"2021-07-15T05:35:58","date_gmt":"2021-07-15T05:35:58","guid":{"rendered":"http:\/\/venuamacrame.acentoempresarial.com\/?page_id=32"},"modified":"2021-08-31T03:58:03","modified_gmt":"2021-08-31T03:58:03","slug":"inicio","status":"publish","type":"page","link":"https:\/\/venuamacrame.acentoempresarial.com\/","title":{"rendered":"\ud83c\udfe0Inicio"},"content":{"rendered":"\t\t<div data-elementor-type=\"wp-page\" data-elementor-id=\"32\" class=\"elementor elementor-32\" data-elementor-settings=\"[]\">\n\t\t\t\t\t\t\t<div class=\"elementor-section-wrap\">\n\t\t\t\t\t\t\t<section class=\"elementor-section elementor-top-section elementor-element elementor-element-f81b19a elementor-section-content-middle elementor-section-boxed elementor-section-height-default elementor-section-height-default\" data-id=\"f81b19a\" data-element_type=\"section\" data-settings=\"{&quot;background_background&quot;:&quot;classic&quot;}\">\n\t\t\t\t\t\t<div class=\"elementor-container elementor-column-gap-no\">\n\t\t\t\t\t<div class=\"elementor-column elementor-col-33 elementor-top-column elementor-element elementor-element-2768d148\" data-id=\"2768d148\" data-element_type=\"column\">\n\t\t\t<div class=\"elementor-widget-wrap elementor-element-populated\">\n\t\t\t\t\t\t\t\t<div class=\"elementor-element elementor-element-1c66ff0b elementor-widget elementor-widget-heading\" data-id=\"1c66ff0b\" data-element_type=\"widget\" id=\"1\" data-widget_type=\"heading.default\">\n\t\t\t\t<div class=\"elementor-widget-container\">\n\t\t\t<h3 class=\"elementor-heading-title elementor-size-default\">Bienvenido<\/h3>\t\t<\/div>\n\t\t\t\t<\/div>\n\t\t\t\t<div class=\"elementor-element elementor-element-55f938c6 elementor-widget elementor-widget-image\" data-id=\"55f938c6\" data-element_type=\"widget\" data-widget_type=\"image.default\">\n\t\t\t\t<div class=\"elementor-widget-container\">\n\t\t\t\t\t\t\t\t\t\t\t\t\t\t\t<img loading=\"lazy\" decoding=\"async\" width=\"1024\" height=\"1024\" src=\"https:\/\/venuamacrame.acentoempresarial.com\/wp-content\/uploads\/2021\/07\/DSC04315_PortadaVenua-1024x1024.jpg\" class=\"elementor-animation-grow attachment-large size-large\" alt=\"\" srcset=\"https:\/\/venuamacrame.acentoempresarial.com\/wp-content\/uploads\/2021\/07\/DSC04315_PortadaVenua-1024x1024.jpg 1024w, https:\/\/venuamacrame.acentoempresarial.com\/wp-content\/uploads\/2021\/07\/DSC04315_PortadaVenua-300x300.jpg 300w, https:\/\/venuamacrame.acentoempresarial.com\/wp-content\/uploads\/2021\/07\/DSC04315_PortadaVenua-100x100.jpg 100w, https:\/\/venuamacrame.acentoempresarial.com\/wp-content\/uploads\/2021\/07\/DSC04315_PortadaVenua-600x600.jpg 600w, https:\/\/venuamacrame.acentoempresarial.com\/wp-content\/uploads\/2021\/07\/DSC04315_PortadaVenua-150x150.jpg 150w, https:\/\/venuamacrame.acentoempresarial.com\/wp-content\/uploads\/2021\/07\/DSC04315_PortadaVenua-768x768.jpg 768w, https:\/\/venuamacrame.acentoempresarial.com\/wp-content\/uploads\/2021\/07\/DSC04315_PortadaVenua.jpg 1080w\" sizes=\"auto, (max-width: 1024px) 100vw, 1024px\" \/>\t\t\t\t\t\t\t\t\t\t\t\t\t\t\t<\/div>\n\t\t\t\t<\/div>\n\t\t\t\t\t<\/div>\n\t\t<\/div>\n\t\t\t\t<div class=\"elementor-column elementor-col-33 elementor-top-column elementor-element elementor-element-43de8274\" data-id=\"43de8274\" data-element_type=\"column\">\n\t\t\t<div class=\"elementor-widget-wrap elementor-element-populated\">\n\t\t\t\t\t\t\t\t<div class=\"elementor-element elementor-element-3aab94f9 elementor-widget elementor-widget-image\" data-id=\"3aab94f9\" data-element_type=\"widget\" data-widget_type=\"image.default\">\n\t\t\t\t<div class=\"elementor-widget-container\">\n\t\t\t\t\t\t\t\t\t\t\t\t\t\t\t<img loading=\"lazy\" decoding=\"async\" width=\"768\" height=\"512\" src=\"https:\/\/venuamacrame.acentoempresarial.com\/wp-content\/uploads\/2021\/07\/canasta-768x512.png\" class=\"elementor-animation-grow attachment-medium_large size-medium_large\" alt=\"\" srcset=\"https:\/\/venuamacrame.acentoempresarial.com\/wp-content\/uploads\/2021\/07\/canasta-768x512.png 768w, https:\/\/venuamacrame.acentoempresarial.com\/wp-content\/uploads\/2021\/07\/canasta-600x400.png 600w, https:\/\/venuamacrame.acentoempresarial.com\/wp-content\/uploads\/2021\/07\/canasta-300x200.png 300w, https:\/\/venuamacrame.acentoempresarial.com\/wp-content\/uploads\/2021\/07\/canasta-1024x683.png 1024w, https:\/\/venuamacrame.acentoempresarial.com\/wp-content\/uploads\/2021\/07\/canasta.png 1080w\" sizes=\"auto, (max-width: 768px) 100vw, 768px\" \/>\t\t\t\t\t\t\t\t\t\t\t\t\t\t\t<\/div>\n\t\t\t\t<\/div>\n\t\t\t\t<div class=\"elementor-element elementor-element-52127bc4 elementor-widget elementor-widget-text-editor\" data-id=\"52127bc4\" data-element_type=\"widget\" data-widget_type=\"text-editor.default\">\n\t\t\t\t<div class=\"elementor-widget-container\">\n\t\t\t\t\t\t\t\t<p>Amantes del arte de crear piezas decorativas que combinando diferentes t\u00e9nicas y texturas permiten lograr acabados \u00fanicos.<\/p><p>Seguramente encontrar\u00e1s con nosotros esa pieza que buscas y que ser\u00e1 capaz de llenar de energ\u00eda ese lugar especial.<\/p>\t\t\t\t\t\t<\/div>\n\t\t\t\t<\/div>\n\t\t\t\t\t<\/div>\n\t\t<\/div>\n\t\t\t\t<div class=\"elementor-column elementor-col-33 elementor-top-column elementor-element elementor-element-7d8c62a6\" data-id=\"7d8c62a6\" data-element_type=\"column\">\n\t\t\t<div class=\"elementor-widget-wrap elementor-element-populated\">\n\t\t\t\t\t\t\t\t<div class=\"elementor-element elementor-element-67996083 elementor-widget elementor-widget-image\" data-id=\"67996083\" data-element_type=\"widget\" data-widget_type=\"image.default\">\n\t\t\t\t<div class=\"elementor-widget-container\">\n\t\t\t\t\t\t\t\t\t\t\t\t\t\t\t<img loading=\"lazy\" decoding=\"async\" width=\"1080\" height=\"1080\" src=\"https:\/\/venuamacrame.acentoempresarial.com\/wp-content\/uploads\/2021\/07\/DSC04334_repisa2.jpg\" class=\"elementor-animation-grow attachment-full size-full\" alt=\"\" srcset=\"https:\/\/venuamacrame.acentoempresarial.com\/wp-content\/uploads\/2021\/07\/DSC04334_repisa2.jpg 1080w, https:\/\/venuamacrame.acentoempresarial.com\/wp-content\/uploads\/2021\/07\/DSC04334_repisa2-300x300.jpg 300w, https:\/\/venuamacrame.acentoempresarial.com\/wp-content\/uploads\/2021\/07\/DSC04334_repisa2-100x100.jpg 100w, https:\/\/venuamacrame.acentoempresarial.com\/wp-content\/uploads\/2021\/07\/DSC04334_repisa2-600x600.jpg 600w, https:\/\/venuamacrame.acentoempresarial.com\/wp-content\/uploads\/2021\/07\/DSC04334_repisa2-1024x1024.jpg 1024w, https:\/\/venuamacrame.acentoempresarial.com\/wp-content\/uploads\/2021\/07\/DSC04334_repisa2-150x150.jpg 150w, https:\/\/venuamacrame.acentoempresarial.com\/wp-content\/uploads\/2021\/07\/DSC04334_repisa2-768x768.jpg 768w\" sizes=\"auto, (max-width: 1080px) 100vw, 1080px\" \/>\t\t\t\t\t\t\t\t\t\t\t\t\t\t\t<\/div>\n\t\t\t\t<\/div>\n\t\t\t\t\t<\/div>\n\t\t<\/div>\n\t\t\t\t\t\t\t<\/div>\n\t\t<\/section>\n\t\t\t\t<section class=\"elementor-section elementor-top-section elementor-element elementor-element-1afdab1b elementor-section-full_width elementor-section-content-middle elementor-section-height-default elementor-section-height-default\" data-id=\"1afdab1b\" data-element_type=\"section\" data-settings=\"{&quot;background_background&quot;:&quot;classic&quot;}\">\n\t\t\t\t\t\t<div class=\"elementor-container elementor-column-gap-no\">\n\t\t\t\t\t<div class=\"elementor-column elementor-col-33 elementor-top-column elementor-element elementor-element-756bd814\" data-id=\"756bd814\" data-element_type=\"column\">\n\t\t\t<div class=\"elementor-widget-wrap elementor-element-populated\">\n\t\t\t\t\t\t\t\t<div class=\"elementor-element elementor-element-667356d elementor-widget elementor-widget-image\" data-id=\"667356d\" data-element_type=\"widget\" data-widget_type=\"image.default\">\n\t\t\t\t<div class=\"elementor-widget-container\">\n\t\t\t\t\t\t\t\t\t\t\t\t\t\t\t<img loading=\"lazy\" decoding=\"async\" width=\"750\" height=\"750\" src=\"https:\/\/venuamacrame.acentoempresarial.com\/wp-content\/uploads\/2021\/07\/1Venua.png\" class=\"attachment-large size-large\" alt=\"\" srcset=\"https:\/\/venuamacrame.acentoempresarial.com\/wp-content\/uploads\/2021\/07\/1Venua.png 750w, https:\/\/venuamacrame.acentoempresarial.com\/wp-content\/uploads\/2021\/07\/1Venua-300x300.png 300w, https:\/\/venuamacrame.acentoempresarial.com\/wp-content\/uploads\/2021\/07\/1Venua-100x100.png 100w, https:\/\/venuamacrame.acentoempresarial.com\/wp-content\/uploads\/2021\/07\/1Venua-600x600.png 600w, https:\/\/venuamacrame.acentoempresarial.com\/wp-content\/uploads\/2021\/07\/1Venua-150x150.png 150w\" sizes=\"auto, (max-width: 750px) 100vw, 750px\" \/>\t\t\t\t\t\t\t\t\t\t\t\t\t\t\t<\/div>\n\t\t\t\t<\/div>\n\t\t\t\t<div class=\"elementor-element elementor-element-9837431 elementor-widget elementor-widget-image\" data-id=\"9837431\" data-element_type=\"widget\" data-widget_type=\"image.default\">\n\t\t\t\t<div class=\"elementor-widget-container\">\n\t\t\t\t\t\t\t\t\t\t\t\t\t\t\t<img loading=\"lazy\" decoding=\"async\" width=\"750\" height=\"750\" src=\"https:\/\/venuamacrame.acentoempresarial.com\/wp-content\/uploads\/2021\/07\/2Macrame.png\" class=\"attachment-large size-large\" alt=\"\" srcset=\"https:\/\/venuamacrame.acentoempresarial.com\/wp-content\/uploads\/2021\/07\/2Macrame.png 750w, https:\/\/venuamacrame.acentoempresarial.com\/wp-content\/uploads\/2021\/07\/2Macrame-300x300.png 300w, https:\/\/venuamacrame.acentoempresarial.com\/wp-content\/uploads\/2021\/07\/2Macrame-100x100.png 100w, https:\/\/venuamacrame.acentoempresarial.com\/wp-content\/uploads\/2021\/07\/2Macrame-600x600.png 600w, https:\/\/venuamacrame.acentoempresarial.com\/wp-content\/uploads\/2021\/07\/2Macrame-150x150.png 150w\" sizes=\"auto, (max-width: 750px) 100vw, 750px\" \/>\t\t\t\t\t\t\t\t\t\t\t\t\t\t\t<\/div>\n\t\t\t\t<\/div>\n\t\t\t\t\t<\/div>\n\t\t<\/div>\n\t\t\t\t<div class=\"elementor-column elementor-col-33 elementor-top-column elementor-element elementor-element-aa20b54\" data-id=\"aa20b54\" data-element_type=\"column\">\n\t\t\t<div class=\"elementor-widget-wrap elementor-element-populated\">\n\t\t\t\t\t\t\t\t<div class=\"elementor-element elementor-element-6debf1b5 elementor-widget elementor-widget-text-editor\" data-id=\"6debf1b5\" data-element_type=\"widget\" data-widget_type=\"text-editor.default\">\n\t\t\t\t<div class=\"elementor-widget-container\">\n\t\t\t\t\t\t\t\t<p>Te invitamos a conocer los dise\u00f1os que Venua Macram\u00e9 pone a tu disposici\u00f3n para que logres crear un ambiente agradable con una atm\u00f3sfera de paz y armon\u00eda evocando el equilibrio que brinda la simplicidad de lo natural.<\/p><p>Cada una de nuestros dise\u00f1os tiene su propia alma, personalidad y estilo; no encontrar\u00e1s nunca uno igual, pensamos que cada cliente es \u00fanico y por eso solo t\u00fa tendr\u00e1s el art\u00edculo que hayas seleccionado.<\/p><p>Te invitamos a navegar y conocer nuestra Boutique Virtual en donde te damos a conocer toda nuestra amplia gama productos:<\/p><p>&#8211; Dise\u00f1os terminados<br \/>&#8211; Kit Hazlo t\u00fa mismo<br \/>&#8211; Materiales<\/p><p>Gracias por visitarnos<\/p>\t\t\t\t\t\t<\/div>\n\t\t\t\t<\/div>\n\t\t\t\t\t<\/div>\n\t\t<\/div>\n\t\t\t\t<div class=\"elementor-column elementor-col-33 elementor-top-column elementor-element elementor-element-139c0063\" data-id=\"139c0063\" data-element_type=\"column\">\n\t\t\t<div class=\"elementor-widget-wrap elementor-element-populated\">\n\t\t\t\t\t\t\t\t<div class=\"elementor-element elementor-element-3e443de2 elementor-widget elementor-widget-image\" data-id=\"3e443de2\" data-element_type=\"widget\" data-widget_type=\"image.default\">\n\t\t\t\t<div class=\"elementor-widget-container\">\n\t\t\t\t\t\t\t\t\t\t\t\t\t\t\t<img loading=\"lazy\" decoding=\"async\" width=\"1080\" height=\"1080\" src=\"https:\/\/venuamacrame.acentoempresarial.com\/wp-content\/uploads\/2021\/07\/DSC04365_CuentasMadera2.jpg\" class=\"elementor-animation-grow attachment-full size-full\" alt=\"\" srcset=\"https:\/\/venuamacrame.acentoempresarial.com\/wp-content\/uploads\/2021\/07\/DSC04365_CuentasMadera2.jpg 1080w, https:\/\/venuamacrame.acentoempresarial.com\/wp-content\/uploads\/2021\/07\/DSC04365_CuentasMadera2-300x300.jpg 300w, https:\/\/venuamacrame.acentoempresarial.com\/wp-content\/uploads\/2021\/07\/DSC04365_CuentasMadera2-100x100.jpg 100w, https:\/\/venuamacrame.acentoempresarial.com\/wp-content\/uploads\/2021\/07\/DSC04365_CuentasMadera2-600x600.jpg 600w, https:\/\/venuamacrame.acentoempresarial.com\/wp-content\/uploads\/2021\/07\/DSC04365_CuentasMadera2-1024x1024.jpg 1024w, https:\/\/venuamacrame.acentoempresarial.com\/wp-content\/uploads\/2021\/07\/DSC04365_CuentasMadera2-150x150.jpg 150w, https:\/\/venuamacrame.acentoempresarial.com\/wp-content\/uploads\/2021\/07\/DSC04365_CuentasMadera2-768x768.jpg 768w\" sizes=\"auto, (max-width: 1080px) 100vw, 1080px\" \/>\t\t\t\t\t\t\t\t\t\t\t\t\t\t\t<\/div>\n\t\t\t\t<\/div>\n\t\t\t\t\t<\/div>\n\t\t<\/div>\n\t\t\t\t\t\t\t<\/div>\n\t\t<\/section>\n\t\t\t\t<section class=\"elementor-section elementor-top-section elementor-element elementor-element-3a57cf8 elementor-section-boxed elementor-section-height-default elementor-section-height-default\" data-id=\"3a57cf8\" data-element_type=\"section\" data-settings=\"{&quot;background_background&quot;:&quot;classic&quot;}\">\n\t\t\t\t\t\t<div class=\"elementor-container elementor-column-gap-default\">\n\t\t\t\t\t<div class=\"elementor-column elementor-col-33 elementor-top-column elementor-element elementor-element-83505e1\" data-id=\"83505e1\" data-element_type=\"column\">\n\t\t\t<div class=\"elementor-widget-wrap elementor-element-populated\">\n\t\t\t\t\t\t\t\t<div class=\"elementor-element elementor-element-3380c97 elementor-widget elementor-widget-spacer\" data-id=\"3380c97\" data-element_type=\"widget\" data-widget_type=\"spacer.default\">\n\t\t\t\t<div class=\"elementor-widget-container\">\n\t\t\t\t\t<div class=\"elementor-spacer\">\n\t\t\t<div class=\"elementor-spacer-inner\"><\/div>\n\t\t<\/div>\n\t\t\t\t<\/div>\n\t\t\t\t<\/div>\n\t\t\t\t<div class=\"elementor-element elementor-element-5f23148 elementor-view-default elementor-position-top elementor-vertical-align-top elementor-widget elementor-widget-icon-box\" data-id=\"5f23148\" data-element_type=\"widget\" data-widget_type=\"icon-box.default\">\n\t\t\t\t<div class=\"elementor-widget-container\">\n\t\t\t\t\t<div class=\"elementor-icon-box-wrapper\">\n\t\t\t\t\t\t<div class=\"elementor-icon-box-icon\">\n\t\t\t\t<span class=\"elementor-icon elementor-animation-pulse-grow\" >\n\t\t\t\t<i aria-hidden=\"true\" class=\"fab fa-whatsapp\"><\/i>\t\t\t\t<\/span>\n\t\t\t<\/div>\n\t\t\t\t\t\t<div class=\"elementor-icon-box-content\">\n\t\t\t\t<h3 class=\"elementor-icon-box-title\">\n\t\t\t\t\t<span >Contactanos<\/span>\n\t\t\t\t<\/h3>\n\t\t\t\t\t\t\t\t<p class=\"elementor-icon-box-description\">Deseas mayor informaci\u00f3n, ponte en contacto con nosotros y resolveremos tus dudas, estaremos felices de atenderte<\/p>\n\t\t\t\t\t\t\t<\/div>\n\t\t<\/div>\n\t\t\t\t<\/div>\n\t\t\t\t<\/div>\n\t\t\t\t<div class=\"elementor-element elementor-element-8ab5563 elementor-align-center elementor-widget elementor-widget-button\" data-id=\"8ab5563\" data-element_type=\"widget\" data-widget_type=\"button.default\">\n\t\t\t\t<div class=\"elementor-widget-container\">\n\t\t\t\t\t<div class=\"elementor-button-wrapper\">\n\t\t\t<a href=\"#\" class=\"elementor-button-link elementor-button elementor-size-sm elementor-animation-grow\" role=\"button\">\n\t\t\t\t\t\t<span class=\"elementor-button-content-wrapper\">\n\t\t\t\t\t\t<span class=\"elementor-button-icon elementor-align-icon-right\">\n\t\t\t\t<i aria-hidden=\"true\" class=\"fab fa-whatsapp\"><\/i>\t\t\t<\/span>\n\t\t\t\t\t\t<span class=\"elementor-button-text\">WhatsApp 55 2969 1160<\/span>\n\t\t<\/span>\n\t\t\t\t\t<\/a>\n\t\t<\/div>\n\t\t\t\t<\/div>\n\t\t\t\t<\/div>\n\t\t\t\t\t<\/div>\n\t\t<\/div>\n\t\t\t\t<div class=\"elementor-column elementor-col-33 elementor-top-column elementor-element elementor-element-6a81a7a\" data-id=\"6a81a7a\" data-element_type=\"column\">\n\t\t\t<div class=\"elementor-widget-wrap elementor-element-populated\">\n\t\t\t\t\t\t\t\t<div class=\"elementor-element elementor-element-c78d9a3 elementor-widget elementor-widget-spacer\" data-id=\"c78d9a3\" data-element_type=\"widget\" data-widget_type=\"spacer.default\">\n\t\t\t\t<div class=\"elementor-widget-container\">\n\t\t\t\t\t<div class=\"elementor-spacer\">\n\t\t\t<div class=\"elementor-spacer-inner\"><\/div>\n\t\t<\/div>\n\t\t\t\t<\/div>\n\t\t\t\t<\/div>\n\t\t\t\t<div class=\"elementor-element elementor-element-686fa16 elementor-view-default elementor-position-top elementor-vertical-align-top elementor-widget elementor-widget-icon-box\" data-id=\"686fa16\" data-element_type=\"widget\" data-widget_type=\"icon-box.default\">\n\t\t\t\t<div class=\"elementor-widget-container\">\n\t\t\t\t\t<div class=\"elementor-icon-box-wrapper\">\n\t\t\t\t\t\t<div class=\"elementor-icon-box-icon\">\n\t\t\t\t<span class=\"elementor-icon elementor-animation-pulse-grow\" >\n\t\t\t\t<i aria-hidden=\"true\" class=\"fas fa-shopping-cart\"><\/i>\t\t\t\t<\/span>\n\t\t\t<\/div>\n\t\t\t\t\t\t<div class=\"elementor-icon-box-content\">\n\t\t\t\t<h3 class=\"elementor-icon-box-title\">\n\t\t\t\t\t<span >Virtual Boutique<\/span>\n\t\t\t\t<\/h3>\n\t\t\t\t\t\t\t\t<p class=\"elementor-icon-box-description\">Te invitamos a pasar a nuestra Boutique Virtual, conoce nuestras colecciones de temporada y dem\u00e1s art\u00edculos que tenemos para ti. <\/p>\n\t\t\t\t\t\t\t<\/div>\n\t\t<\/div>\n\t\t\t\t<\/div>\n\t\t\t\t<\/div>\n\t\t\t\t<div class=\"elementor-element elementor-element-8a00171 elementor-align-center elementor-widget elementor-widget-button\" data-id=\"8a00171\" data-element_type=\"widget\" data-widget_type=\"button.default\">\n\t\t\t\t<div class=\"elementor-widget-container\">\n\t\t\t\t\t<div class=\"elementor-button-wrapper\">\n\t\t\t<a href=\"https:\/\/venuamacrame.acentoempresarial.com\/?page_id=227\" target=\"_blank\" class=\"elementor-button-link elementor-button elementor-size-sm elementor-animation-grow\" role=\"button\">\n\t\t\t\t\t\t<span class=\"elementor-button-content-wrapper\">\n\t\t\t\t\t\t<span class=\"elementor-button-icon elementor-align-icon-right\">\n\t\t\t\t<i aria-hidden=\"true\" class=\"fas fa-cart-plus\"><\/i>\t\t\t<\/span>\n\t\t\t\t\t\t<span class=\"elementor-button-text\">Go to Shopping<\/span>\n\t\t<\/span>\n\t\t\t\t\t<\/a>\n\t\t<\/div>\n\t\t\t\t<\/div>\n\t\t\t\t<\/div>\n\t\t\t\t\t<\/div>\n\t\t<\/div>\n\t\t\t\t<div class=\"elementor-column elementor-col-33 elementor-top-column elementor-element elementor-element-353519b\" data-id=\"353519b\" data-element_type=\"column\">\n\t\t\t<div class=\"elementor-widget-wrap elementor-element-populated\">\n\t\t\t\t\t\t\t\t<div class=\"elementor-element elementor-element-b33822b elementor-widget elementor-widget-spacer\" data-id=\"b33822b\" data-element_type=\"widget\" data-widget_type=\"spacer.default\">\n\t\t\t\t<div class=\"elementor-widget-container\">\n\t\t\t\t\t<div class=\"elementor-spacer\">\n\t\t\t<div class=\"elementor-spacer-inner\"><\/div>\n\t\t<\/div>\n\t\t\t\t<\/div>\n\t\t\t\t<\/div>\n\t\t\t\t<div class=\"elementor-element elementor-element-2a6b89a elementor-view-default elementor-position-top elementor-vertical-align-top elementor-widget elementor-widget-icon-box\" data-id=\"2a6b89a\" data-element_type=\"widget\" data-widget_type=\"icon-box.default\">\n\t\t\t\t<div class=\"elementor-widget-container\">\n\t\t\t\t\t<div class=\"elementor-icon-box-wrapper\">\n\t\t\t\t\t\t<div class=\"elementor-icon-box-icon\">\n\t\t\t\t<span class=\"elementor-icon elementor-animation-pulse-grow\" >\n\t\t\t\t<i aria-hidden=\"true\" class=\"far fa-heart\"><\/i>\t\t\t\t<\/span>\n\t\t\t<\/div>\n\t\t\t\t\t\t<div class=\"elementor-icon-box-content\">\n\t\t\t\t<h3 class=\"elementor-icon-box-title\">\n\t\t\t\t\t<span >Siguenos en Instagram<\/span>\n\t\t\t\t<\/h3>\n\t\t\t\t\t\t\t\t<p class=\"elementor-icon-box-description\">Date una vuelta por nuestras redes sociales, encontrar\u00e1s agradables sopresas, seguramente nos seguir\u00e1s y nos regalar\u00e1s un like.<\/p>\n\t\t\t\t\t\t\t<\/div>\n\t\t<\/div>\n\t\t\t\t<\/div>\n\t\t\t\t<\/div>\n\t\t\t\t<div class=\"elementor-element elementor-element-ac72a2c elementor-shape-rounded elementor-grid-0 e-grid-align-center elementor-widget elementor-widget-social-icons\" data-id=\"ac72a2c\" data-element_type=\"widget\" data-widget_type=\"social-icons.default\">\n\t\t\t\t<div class=\"elementor-widget-container\">\n\t\t\t\t\t<div class=\"elementor-social-icons-wrapper elementor-grid\">\n\t\t\t\t\t\t\t<span class=\"elementor-grid-item\">\n\t\t\t\t\t<a class=\"elementor-icon elementor-social-icon elementor-social-icon-instagram elementor-animation-grow elementor-repeater-item-26f0447\" href=\"https:\/\/www.instagram.com\/venuamacrame\" target=\"_blank\">\n\t\t\t\t\t\t<span class=\"elementor-screen-only\">Instagram<\/span>\n\t\t\t\t\t\t<i class=\"fab fa-instagram\"><\/i>\t\t\t\t\t<\/a>\n\t\t\t\t<\/span>\n\t\t\t\t\t<\/div>\n\t\t\t\t<\/div>\n\t\t\t\t<\/div>\n\t\t\t\t\t<\/div>\n\t\t<\/div>\n\t\t\t\t\t\t\t<\/div>\n\t\t<\/section>\n\t\t\t\t\t\t<\/div>\n\t\t\t\t\t<\/div>\n\t\t","protected":false},"excerpt":{"rendered":"<p>Bienvenido Amantes del arte de crear piezas decorativas que combinando diferentes t\u00e9nicas y texturas permiten lograr acabados \u00fanicos. Seguramente encontrar\u00e1s con nosotros esa pieza que buscas y que ser\u00e1 capaz de llenar de energ\u00eda ese lugar especial. Te invitamos a conocer los dise\u00f1os que Venua Macram\u00e9 pone a tu disposici\u00f3n para que logres crear un &hellip;<\/p>\n<p class=\"read-more\"> <a class=\"\" href=\"https:\/\/venuamacrame.acentoempresarial.com\/\"> <span class=\"screen-reader-text\">\ud83c\udfe0Inicio<\/span> Leer m\u00e1s &raquo;<\/a><\/p>\n","protected":false},"author":1,"featured_media":0,"parent":0,"menu_order":0,"comment_status":"closed","ping_status":"closed","template":"","meta":{"footnotes":""},"class_list":["post-32","page","type-page","status-publish","hentry"],"_links":{"self":[{"href":"https:\/\/venuamacrame.acentoempresarial.com\/index.php?rest_route=\/wp\/v2\/pages\/32","targetHints":{"allow":["GET"]}}],"collection":[{"href":"https:\/\/venuamacrame.acentoempresarial.com\/index.php?rest_route=\/wp\/v2\/pages"}],"about":[{"href":"https:\/\/venuamacrame.acentoempresarial.com\/index.php?rest_route=\/wp\/v2\/types\/page"}],"author":[{"embeddable":true,"href":"https:\/\/venuamacrame.acentoempresarial.com\/index.php?rest_route=\/wp\/v2\/users\/1"}],"replies":[{"embeddable":true,"href":"https:\/\/venuamacrame.acentoempresarial.com\/index.php?rest_route=%2Fwp%2Fv2%2Fcomments&post=32"}],"version-history":[{"count":192,"href":"https:\/\/venuamacrame.acentoempresarial.com\/index.php?rest_route=\/wp\/v2\/pages\/32\/revisions"}],"predecessor-version":[{"id":350,"href":"https:\/\/venuamacrame.acentoempresarial.com\/index.php?rest_route=\/wp\/v2\/pages\/32\/revisions\/350"}],"wp:attachment":[{"href":"https:\/\/venuamacrame.acentoempresarial.com\/index.php?rest_route=%2Fwp%2Fv2%2Fmedia&parent=32"}],"curies":[{"name":"wp","href":"https:\/\/api.w.org\/{rel}","templated":true}]}}